{"id":3205,"date":"2023-01-07T13:46:01","date_gmt":"2023-01-07T13:46:01","guid":{"rendered":"https:\/\/imagenmarbella.com\/politica-de-cookies\/"},"modified":"2025-11-27T13:08:49","modified_gmt":"2025-11-27T13:08:49","slug":"cookie-policy","status":"publish","type":"page","link":"https:\/\/imagenmarbella.com\/en\/cookie-policy\/","title":{"rendered":"Cookie Policy"},"content":{"rendered":"\n<div style=\"height:160px\" aria-hidden=\"true\" class=\"wp-block-spacer\"><\/div>\n\n\n\n<div class=\"wp-block-group container\"><div class=\"wp-block-group__inner-container is-layout-constrained wp-block-group-is-layout-constrained\"><h2 class=\"ic-has-before wp-block-post-title\">Cookie Policy<\/h2>\n\n\n<h1 class=\"wp-block-heading\" id=\"h-1-identificacion-del-responsable-de-tratamiento-de-datos\">1. IDENTIFICACI\u00d3N DEL RESPONSABLE DE TRATAMIENTO DE DATOS:<\/h1>\n\n\n\n<p>La empresa responsable del tratamiento de los datos recabados a trav\u00e9s del Sitio Web&nbsp;<a href=\"https:\/\/www.imagenmarbella.com\/\">https:\/\/www.imagenmarbella.com\/<\/a>&nbsp;as\u00ed como de todos los subdominios y directorios incluidos en la misma (en adelante conjuntamente denominados como la \u201cWeb\u201d o el \u201cSitio Web\u201d, de forma indistinta) es la mercantil Vabel Consulting, con domicilio social en Centro Comercial Guadalmina IV, of 80, 29670 Marbella, M\u00e1laga (Espa\u00f1a), con C.I.F. ESB29899580, debidamente inscrita en el Registro Mercantil de la provincia de M\u00e1laga al tomo 2164, folio 39, hoja MA-32741. En adelante \u201c<strong>nosotros\u201d o \u201cImagen\u201d<\/strong>.<\/p>\n\n\n\n<p>Puedes ponerte en contacto con nosotros para cualquier consulta o aclaraci\u00f3n en relaci\u00f3n con la presente Pol\u00edtica de Privacidad en la direcci\u00f3n de correo electr\u00f3nico:&nbsp;<a href=\"mailto:legal@imagenmarbella.com\">legal@imagenmarbella.com<\/a><\/p>\n\n\n\n<h2 class=\"wp-block-heading\" id=\"h-2-que-son-las-cookies\">2. \u00bfQU\u00c9 SON LAS COOKIES?<\/h2>\n\n\n\n<p>Una cookie es un dispositivo o peque\u00f1o archivo que el servidor de este Sitio Web env\u00eda al navegador del terminal (ordenador,&nbsp;<em>smartphone, tablet,<\/em>&nbsp;etc.) desde el que te conectas, con la finalidad de almacenar informaci\u00f3n sobre la navegaci\u00f3n que efect\u00faas desde dicho terminal, que podr\u00e1, en su caso, ser recuperada con posterioridad.&nbsp;<\/p>\n\n\n\n<p><strong>2.1. \u00bfQu\u00e9 tipos de cookies existen?:&nbsp;<\/strong>Existen diferentes categor\u00edas de cookies, pero una misma cookie puede estar incluida en m\u00e1s de una categor\u00eda.&nbsp;<\/p>\n\n\n\n<p><strong>2.1.1. Tipos de cookies afectadas por la norma de aplicaci\u00f3n:<\/strong><\/p>\n\n\n\n<p>Podemos distinguir entre cookies \u201cexceptuadas\u201d y \u201cno exceptuadas\u201d:<\/p>\n\n\n\n<p><strong>Cookies \u201cexceptuadas\u201d:&nbsp;<\/strong>Ser\u00edan imprescindibles y estrictamente necesarias para el correcto funcionamiento del Sitio Web y para la utilizaci\u00f3n de las diferentes opciones y servicios que ofrece. As\u00ed pues, puede entenderse que estas cookies quedan excluidas del \u00e1mbito de aplicaci\u00f3n del art\u00edculo 22.2 de la LSSI, y por lo tanto, no ser\u00eda necesario informar ni obtener el consentimiento sobre su uso. Entre las cookies exceptuadas podemos distinguir:<\/p>\n\n\n\n<ul class=\"wp-block-list\">\n<li>Cookies de entrada del usuario<\/li>\n\n\n\n<li>Cookies de autenticaci\u00f3n o identificaci\u00f3n de usuario (\u00fanicamente de sesi\u00f3n)&nbsp;<\/li>\n\n\n\n<li>Cookies de seguridad del usuario<\/li>\n\n\n\n<li>Cookies de sesi\u00f3n de reproductor multimedia<\/li>\n\n\n\n<li>Cookies de sesi\u00f3n para equilibrar la carga<\/li>\n\n\n\n<li>Cookies de personalizaci\u00f3n de la interfaz de usuario<\/li>\n\n\n\n<li>Cookies de complemento (<em>plug-in<\/em>) para intercambiar contenidos sociales.<\/li>\n<\/ul>\n\n\n\n<p><strong>Cookies \u201cno exceptuadas\u201d:&nbsp;<\/strong>Ser\u00edan aquellas sujetas al \u00e1mbito de aplicaci\u00f3n del art\u00edculo 22.2 de la LSSI-CE y por lo tanto es preceptivo informar de su utilizaci\u00f3n y obtener el consentimiento del usuario sobre su uso. Se tratar\u00eda de cualquier otro tipo de cookies no descritas como \u201ccookies exceptuadas\u201d en el apartado anterior.<\/p>\n\n\n\n<p><strong>2.1.2. Tipos de cookies seg\u00fan la entidad que las gestione:&nbsp;<\/strong>Seg\u00fan quien sea la entidad que gestione el equipo o dominio desde donde se env\u00edan las cookies y trate los datos que se obtengan, podemos distinguir:<\/p>\n\n\n\n<p><strong>&#8211; Cookies propias:&nbsp;<\/strong>Son aqu\u00e9llas que se env\u00edan al equipo terminal del usuario desde un equipo o dominio gestionado por el titular\/editor del Sitio Web y desde el que se presta el servicio solicitado por el usuario.<\/p>\n\n\n\n<p><strong>&#8211; Cookies de tercero:&nbsp;<\/strong>Son aqu\u00e9llas que se env\u00edan al equipo terminal del usuario desde un equipo o dominio que no es gestionado por el titular\/editor del Sitio Web, sino por otra entidad que trata los datos obtenidos trav\u00e9s de las cookies.<\/p>\n\n\n\n<p>En caso de que las cookies sean instaladas desde un equipo o dominio gestionado por el propio titular\/editor del Sitio Web pero la informaci\u00f3n que se recoja mediante \u00e9stas sea gestionada por un tercero, no pueden ser consideradas como cookies propias.<\/p>\n\n\n\n<p><strong>2.1.3. Tipos de cookie seg\u00fan el plazo de tiempo que permanecen activadas:<\/strong><\/p>\n\n\n\n<p><strong>&#8211; Cookies de sesi\u00f3n:&nbsp;<\/strong>Son un tipo de cookies dise\u00f1adas para recabar y almacenar datos mientras el usuario accede a una p\u00e1gina web. Se suelen emplear para almacenar informaci\u00f3n que solo interesa conservar para la prestaci\u00f3n del servicio solicitado por el usuario en una sola ocasi\u00f3n.<\/p>\n\n\n\n<p><strong>&#8211; Cookies persistentes:&nbsp;<\/strong>Son un tipo de cookies en el que los datos siguen almacenados en el terminal y pueden ser accedidos y tratados durante un periodo definido por el responsable de las cookies, y que puede ir de unos minutos a varios a\u00f1os.<\/p>\n\n\n\n<p><strong>2.1.4. Tipo de cookies seg\u00fan su finalidad:&nbsp;<\/strong>Seg\u00fan la finalidad para la que se traten los datos obtenidos a trav\u00e9s de las cookies, podemos distinguir entre:<\/p>\n\n\n\n<p><strong>&#8211; Cookies t\u00e9cnicas:<\/strong>&nbsp;Son aqu\u00e9llas que permiten al usuario la navegaci\u00f3n a trav\u00e9s de una p\u00e1gina web, plataforma o aplicaci\u00f3n y la utilizaci\u00f3n de las diferentes opciones o servicios que en ella existan como, por ejemplo, controlar el tr\u00e1fico y la comunicaci\u00f3n de datos, identificar la sesi\u00f3n, acceder a \u00e1reas de acceso restringido, recordar los elementos que integran un pedido, realizar el proceso de compra de un pedido, realizar la solicitud de inscripci\u00f3n o participaci\u00f3n en un evento, almacenar contenidos para la difusi\u00f3n de videos o sonido, y compartir contenidos a trav\u00e9s de redes sociales.<\/p>\n\n\n\n<p><strong>&#8211; Cookies de seguridad:<\/strong>&nbsp;Aquellas que permiten utilizar elementos de seguridad durante la navegaci\u00f3n.<\/p>\n\n\n\n<p><strong>&#8211; Cookies de personalizaci\u00f3n:&nbsp;<\/strong>Son aqu\u00e9llas que permiten al usuario acceder al servicio con algunas caracter\u00edsticas de car\u00e1cter general predefinidas en funci\u00f3n de una serie de criterios en el terminal del usuario como, por ejemplo, ser\u00edan el idioma, el tipo de navegador a trav\u00e9s del cual accede al servicio, la configuraci\u00f3n regional desde donde accede al servicio, etc.<\/p>\n\n\n\n<p><strong>&#8211; Cookies de an\u00e1lisis:&nbsp;<\/strong>Son aqu\u00e9llas que permiten al responsable de las mismas, el seguimiento y an\u00e1lisis del comportamiento de los usuarios de los sitios web a los que est\u00e1n vinculadas. La informaci\u00f3n recogida mediante este tipo de cookies se utiliza en la medici\u00f3n de la actividad de los sitios web, aplicaci\u00f3n o plataforma y para la elaboraci\u00f3n de perfiles de navegaci\u00f3n de los usuarios de dichos sitios, aplicaciones y plataformas, con el fin de introducir mejoras en funci\u00f3n del an\u00e1lisis de los datos de uso que hacen los usuarios del servicio.<\/p>\n\n\n\n<p><strong>&#8211; Cookies publicitarias:&nbsp;<\/strong>Son aqu\u00e9llas que permiten la gesti\u00f3n, de la forma m\u00e1s eficaz posible, de los espacios publicitarios que, en su caso, el editor haya incluido en una p\u00e1gina web, aplicaci\u00f3n o plataforma desde la que presta el servicio solicitado en base a criterios como el contenido editado o la frecuencia en la que se muestran los anuncios.<\/p>\n\n\n\n<p><strong>&#8211; Cookies de publicidad comportamental:&nbsp;<\/strong>Son aqu\u00e9llas que permiten la gesti\u00f3n, de la forma m\u00e1s eficaz posible, de los espacios publicitarios que, en su caso, el editor haya incluido en una p\u00e1gina web, aplicaci\u00f3n o plataforma desde la que presta el servicio solicitado. Estas cookies almacenan informaci\u00f3n del comportamiento de los usuarios obtenida a trav\u00e9s de la observaci\u00f3n continuada de sus h\u00e1bitos de navegaci\u00f3n, lo que permite desarrollar un perfil espec\u00edfico para mostrar publicidad en funci\u00f3n de este.<\/p>\n\n\n\n<h2 class=\"wp-block-heading\" id=\"h-3-que-cookies-utilizamos-en-este-sitio-web\">3. \u00bfQU\u00c9 COOKIES UTILIZAMOS EN ESTE SITIO WEB?<\/h2>\n\n\n\n<p>En este Sitio Web se utilizan los siguientes tipos de cookies:<\/p>\n\n\n\n<figure class=\"wp-block-table\"><table><tbody><tr><td><strong>TIPO DE COOKIES<\/strong><\/td><td><strong>ENTIDAD QUE LAS GESTIONA<\/strong><\/td><td><strong>NOMBRE<\/strong><\/td><td><strong>FINALIDAD<\/strong><\/td><td><strong>PERSISTENCIA<\/strong><\/td><td><strong>M\u00c1S INFO<\/strong><\/td><\/tr><tr><td>Anal\u00edticas<\/td><td>Hotjar<\/td><td>hjIncludedInSample<\/td><td>Cookie que asigna un identificador \u00fanico a un visitante durante una sola sesi\u00f3n del navegador e indica que est\u00e1 incluido en una muestra de audiencia.<\/td><td>Sesi\u00f3n<\/td><td><a href=\"https:\/\/www.hotjar.com\/legal\/policies\/privacy\">Enlace<\/a><\/td><\/tr><tr><td>Publicitarias<\/td><td>Doubleclick(Google)ShareThis<\/td><td>1P_JARCONSENTNIDDV<\/td><td>Esta cookie recaba informaci\u00f3n sobre c\u00f3mo el usuario final utiliza el sitio web y cualquier publicidad que el usuario final haya visto antes de visitar dicho sitio web.Esta cookie ayuda a construir un perfil de los intereses del usuario y le muestra anuncios relevantes en otros sitios web.<\/td><td>1 mes20 a\u00f1os6 meses10 minutos<\/td><td><a href=\"http:\/\/www.google.com\/intl\/en\/policies\/privacy\/\">Enlace<\/a><\/td><\/tr><tr><td>Sociales<\/td><td>Addtoany<\/td><td>__cfduiduvc<\/td><td>Permite compartir contenidos del sitio web en redes sociales.<\/td><td>1 a\u00f1o1 a\u00f1o<\/td><td><a href=\"https:\/\/www.addtoany.com\/contact\/\">Enlace<\/a><\/td><\/tr><\/tbody><\/table><\/figure>\n\n\n\n<p><strong>En este Sitio Web se utiliza Google Tag Manager:<\/strong>&nbsp;Google Tag Manager es un sistema de administraci\u00f3n de etiquetas que permite actualizar de forma f\u00e1cil y r\u00e1pida las etiquetas y los fragmentos de c\u00f3digo de un sitio web o de sus aplicaciones m\u00f3viles, como los destinados al an\u00e1lisis del tr\u00e1fico y a optimizar las campa\u00f1as de marketing. Puede a\u00f1adir y actualizar etiquetas personalizadas, de terceros o de AdWords, Google Analytics, Firebase Analytics y Floodlight desde la interfaz de usuario de Tag Manager en lugar de cambiar el c\u00f3digo de los sitios web.&nbsp;<\/p>\n\n\n\n<h2 class=\"wp-block-heading\" id=\"h-4-informacion-sobre-como-configurar-bloquear-desactivar-y-o-bloquear-las-cookies\">&nbsp;4. INFORMACI\u00d3N SOBRE C\u00d3MO CONFIGURAR, BLOQUEAR, DESACTIVAR Y\/O BLOQUEAR LAS COOKIES:<\/h2>\n\n\n\n<p>El usuario podr\u00e1 configurar las cookies de la siguiente forma:&nbsp;<\/p>\n\n\n\n<p>Al visitar por primera vez el sitio web, se le mostrar\u00e1 una ventana emergente donde podr\u00e1 acceder a la configuraci\u00f3n de las cookies. Podr\u00e1 activar o desactivar las cookies de AddToAny y\/o de An\u00e1lisis web a su conveniencia. Al cerrar la ventana acepta las condiciones de la Pol\u00edtica de cookies.<\/p>\n\n\n\n<p>Adem\u00e1s, el usuario podr\u00e1 -en cualquier momento- gestionar el uso de cookies a trav\u00e9s del navegador que estuviera instalado en su terminal. En los enlaces siguientes puede encontrarse informaci\u00f3n sobre qu\u00e9 cookies tiene el usuario instaladas en su navegador, permitir su instalaci\u00f3n, bloquearlas o eliminarlas de su equipo:&nbsp;<\/p>\n\n\n\n<p><strong>Chrome<\/strong>, desde:&nbsp;<\/p>\n\n\n\n<p><a href=\"http:\/\/support.google.com\/chrome\/bin\/answer.py?hl=es&amp;answer=95647\">http:\/\/support.google.com\/chrome\/bin\/answer.py?hl=es&amp;answer=95647<\/a>&nbsp; &nbsp;<\/p>\n\n\n\n<p><strong>Explorer<\/strong>, desde:<\/p>\n\n\n\n<p><a href=\"https:\/\/support.microsoft.com\/es-es\/help\/17442\/windows-internet-explorer-delete-manage-cookies\">https:\/\/support.microsoft.com\/es-es\/help\/17442\/windows-internet-explorer-delete-manage-cookies<\/a><\/p>\n\n\n\n<p><strong>Firefox<\/strong>, desde:<\/p>\n\n\n\n<p>&nbsp;<a href=\"http:\/\/support.mozilla.org\/es\/kb\/habilitar-y-deshabilitar-cookies-que-los-sitios-we\">http:\/\/support.mozilla.org\/es\/kb\/habilitar-y-deshabilitar-cookies-que-los-sitios-we<\/a>&nbsp;&nbsp;<\/p>\n\n\n\n<p><strong>Safari,<\/strong>&nbsp;desde:&nbsp;<\/p>\n\n\n\n<p><a href=\"https:\/\/support.apple.com\/kb\/PH19214?viewlocale=es_ES&amp;locale=es_ES\">https:\/\/support.apple.com\/kb\/PH19214?viewlocale=es_ES&amp;locale=es_ES<\/a><\/p>\n\n\n\n<p><strong>Opera<\/strong>, desde:&nbsp;<a href=\"http:\/\/help.opera.com\/Windows\/11.50\/es-ES\/cookies.html\">http:\/\/help.opera.com\/Windows\/11.50\/es-ES\/cookies.html<\/a>&nbsp; &nbsp;<\/p>\n\n\n\n<p>Existen herramientas de terceros, disponibles on line, que permiten a los usuarios detectar las cookies en cada sitio web que visita y gestionar su desactivaci\u00f3n, como por ejemplo Ghostery&nbsp;(<a href=\"https:\/\/www.ghostery.com\/\"><u>https:\/\/www.ghostery.com<\/u>\/<\/a>).&nbsp;<\/p>\n\n\n\n<p>Los navegadores web son las herramientas encargadas de almacenar las cookies y desde este lugar el usuario puede ejercitar su derecho a eliminaci\u00f3n o desactivaci\u00f3n de estas. Este Sitio Web no puede garantizar la correcta o incorrecta manipulaci\u00f3n de las cookies por parte de los mencionados navegadores.<\/p>\n\n\n\n<p>En algunos casos es necesario instalar cookies para que el navegador no olvide la decisi\u00f3n del usuario de no aceptaci\u00f3n de estas.<\/p>\n<\/div><\/div>\n","protected":false},"excerpt":{"rendered":"<p>1. IDENTIFICACI\u00d3N DEL RESPONSABLE DE TRATAMIENTO DE DATOS: La empresa responsable del tratamiento de los datos recabados a trav\u00e9s del Sitio Web&nbsp;https:\/\/www.imagenmarbella.com\/&nbsp;as\u00ed como de todos los subdominios y directorios incluidos en la misma (en adelante&#8230;<\/p>\n","protected":false},"author":1,"featured_media":0,"parent":0,"menu_order":0,"comment_status":"closed","ping_status":"closed","template":"","meta":{"_acf_changed":false,"inline_featured_image":false,"_monsterinsights_skip_tracking":false,"_monsterinsights_sitenote_active":false,"_monsterinsights_sitenote_note":"","_monsterinsights_sitenote_category":0,"footnotes":""},"class_list":["post-3205","page","type-page","status-publish","hentry"],"acf":[],"aioseo_notices":[],"_links":{"self":[{"href":"https:\/\/imagenmarbella.com\/en\/wp-json\/wp\/v2\/pages\/3205","targetHints":{"allow":["GET"]}}],"collection":[{"href":"https:\/\/imagenmarbella.com\/en\/wp-json\/wp\/v2\/pages"}],"about":[{"href":"https:\/\/imagenmarbella.com\/en\/wp-json\/wp\/v2\/types\/page"}],"author":[{"embeddable":true,"href":"https:\/\/imagenmarbella.com\/en\/wp-json\/wp\/v2\/users\/1"}],"replies":[{"embeddable":true,"href":"https:\/\/imagenmarbella.com\/en\/wp-json\/wp\/v2\/comments?post=3205"}],"version-history":[{"count":3,"href":"https:\/\/imagenmarbella.com\/en\/wp-json\/wp\/v2\/pages\/3205\/revisions"}],"predecessor-version":[{"id":18775,"href":"https:\/\/imagenmarbella.com\/en\/wp-json\/wp\/v2\/pages\/3205\/revisions\/18775"}],"wp:attachment":[{"href":"https:\/\/imagenmarbella.com\/en\/wp-json\/wp\/v2\/media?parent=3205"}],"curies":[{"name":"wp","href":"https:\/\/api.w.org\/{rel}","templated":true}]}}