{"id":3202,"date":"2023-01-03T08:51:51","date_gmt":"2023-01-03T08:51:51","guid":{"rendered":"https:\/\/imagenmarbella.com\/privacy-policy\/"},"modified":"2025-11-27T13:11:06","modified_gmt":"2025-11-27T13:11:06","slug":"privacy-policy","status":"publish","type":"page","link":"https:\/\/imagenmarbella.com\/en\/privacy-policy\/","title":{"rendered":"Privacy Policy"},"content":{"rendered":"\n<div style=\"height:160px\" aria-hidden=\"true\" class=\"wp-block-spacer\"><\/div>\n\n\n\n<div class=\"wp-block-group container\"><div class=\"wp-block-group__inner-container is-layout-constrained wp-block-group-is-layout-constrained\"><h1 class=\"ic-has-before wp-block-post-title\">Privacy Policy<\/h1>\n\n\n<h2 class=\"wp-block-heading\">1.&nbsp;RESPONSABLE DEL TRATAMIENTO DE LOS DATOS PERSONALES:<\/h2>\n\n\n\n<p>La empresa responsable del tratamiento de los datos recabados a trav\u00e9s del Sitio Web&nbsp;<a href=\"https:\/\/www.agenciamarbella.com\/\">https:\/\/www.agenciamarbella.com\/<\/a>&nbsp;as\u00ed como de todos los subdominios y directorios incluidos en la misma (en adelante conjuntamente denominados como la \u201cWeb\u201d o el \u201cSitio Web\u201d, de forma indistinta) es la mercantil Vabel Consulting, con domicilio social en Centro Comercial Guadalmina IV, of 80, 29670 Marbella, M\u00e1laga (Espa\u00f1a), con C.I.F. ESB29899580, debidamente inscrita en el Registro Mercantil de la provincia de M\u00e1laga al tomo 2164, folio 39, hoja MA-32741. En adelante \u201c<strong>nosotros\u201d o \u201cImagen\u201d<\/strong>.<\/p>\n\n\n\n<p>Puedes ponerte en contacto con nosotros para cualquier consulta o aclaraci\u00f3n en relaci\u00f3n con la presente Pol\u00edtica de Privacidad en la direcci\u00f3n de correo electr\u00f3nico:&nbsp;<a href=\"mailto:legal@imagenmarbella.com\">legal@imagenmarbella.com<\/a><\/p>\n\n\n\n<h2 class=\"wp-block-heading\">2.&nbsp;CATEGOR\u00cdA DE LOS DATOS PERSONALES RECABADOS:&nbsp;<\/h2>\n\n\n\n<p>Los datos personales recabados por <strong>Imagen<\/strong> son datos identificativos que en ning\u00fan caso tienen la consideraci\u00f3n de categor\u00edas especiales de datos ni datos relativos a condenas o infracciones penales.<\/p>\n\n\n\n<p>Si los datos facilitados son err\u00f3neos, inexactos o incompletos, no podremos llevar a cabo las finalidades del tratamiento que se espera.<\/p>\n\n\n\n<p>A los efectos de lo previsto en la normativa de protecci\u00f3n de datos, si nos proporcionas tus datos para las finalidades previstas, tienes la consideraci\u00f3n de interesado.<\/p>\n\n\n\n<h2 class=\"wp-block-heading\">3. FINALIDAD DEL TRATAMIENTO DE LOS DATOS PERSONALES Y LEGITIMACI\u00d3N (O BASE JUR\u00cdDICA) PARA EL TRATAMIENTO:<\/h2>\n\n\n\n<p>Trataremos tus datos personales recabados a trav\u00e9s del Sitio Web con las siguientes finalidades basadas en su correspondiente legitimaci\u00f3n o base jur\u00eddica de tratamiento:<\/p>\n\n\n\n<p><strong>En caso de solicitud de informaci\u00f3n a trav\u00e9s de cualquiera de los canales del Sitio Web:&nbsp;<\/strong>La finalidad del tratamiento ser\u00e1 atender cualquiera de tus solicitudes de informaci\u00f3n. Dicho tratamiento se fundamenta en el inter\u00e9s leg\u00edtimo para atender dicha solicitud.<\/p>\n\n\n\n<p><strong>Env\u00edo de comunicaciones comerciales y acciones promocionales:<\/strong>&nbsp;Si has contratado alguno de los productos y servicios de <strong>Imagen<\/strong>, trataremos tus datos para el env\u00edo de comunicaciones comerciales o para contactar contigo por tel\u00e9fono y ofrecerte nuestros productos y\/o servicios, siempre que no te hayas opuesto en el momento de recabar tus datos al registrarte o en cualquier momento posterior.<\/p>\n\n\n\n<p>Si no has contratado ninguno de los art\u00edculos y\/o servicios de <strong>Imagen<\/strong>, trataremos tus datos con el fin de remitirte comunicaciones comerciales o contactar contigo por tel\u00e9fono para ofrecerte nuestros art\u00edculos y\/o servicios, siempre que contemos con tu consentimiento informado, libre, espec\u00edfico e inequ\u00edvoco.<\/p>\n\n\n\n<p><strong>Segmentaci\u00f3n con fines comerciales:<\/strong>&nbsp;La segmentaci\u00f3n es una pr\u00e1ctica consistente en establecer perfiles de usuarios para la remisi\u00f3n de la informaci\u00f3n solicitada de forma m\u00e1s personalizada y acorde a los intereses indicados por esos usuarios.&nbsp;<\/p>\n\n\n\n<p>De igual forma, en caso de que el usuario haya consentido el env\u00edo de comunicaciones comerciales, dicha segmentaci\u00f3n permitir\u00e1 que las mismas sean acordes a los intereses mostrados por el usuario.<\/p>\n\n\n\n<p>En ning\u00fan caso, la elaboraci\u00f3n de esos perfiles supondr\u00e1 la adopci\u00f3n de decisiones individuales automatizadas que produzcan efectos jur\u00eddicos sobre el interesado o le afecten significativamente de modo similar.<\/p>\n\n\n\n<p>La base jur\u00eddica de dicho tratamiento se encuentra en el inter\u00e9s leg\u00edtimo de <strong>Imagen<\/strong> para la mercadotecnia directa. Te recordamos que est\u00e1s facultado para oponerte a dicho tratamiento de segmentaci\u00f3n para fines comerciales en cualquier momento.<\/p>\n\n\n\n<p><strong>En caso de que decidas dejar un comentario a modo de testimonio:&nbsp;<\/strong>Trataremos tus datos para moderar y, en su caso, publicar tu comentario. Nunca publicaremos tu correo electr\u00f3nico.<\/p>\n\n\n\n<p><strong>En caso de que decidas mandarnos tu curr\u00edculum vitae:<\/strong>&nbsp;En el caso de que nos facilites tu curr\u00edculum vitae a trav\u00e9s del Sitio Web, trataremos tus datos para que puedas participar en los procesos de selecci\u00f3n, llevando a cabo un an\u00e1lisis de tu perfil con el objetivo de determinar si como candidato encajas en alg\u00fan puesto vacante. <\/p>\n\n\n\n<h2 class=\"wp-block-heading\">4. \u00bfPOR CU\u00c1NTO TIEMPO CONSERVAREMOS LOS DATOS PERSONALES RECABADOS?<\/h2>\n\n\n\n<p>Los datos personales que nos hayas proporcionado se conservar\u00e1n durante la vigencia de la relaci\u00f3n comercial o para el cumplimiento de cualquiera de las finalidades expresadas, mientras no solicites su supresi\u00f3n o se requieran para el cumplimiento de una obligaci\u00f3n legal de <strong>Imagen<\/strong>.<\/p>\n\n\n\n<p>Los datos personales de candidatos que nos remites su curriculum vitae ser\u00e1n conservados hasta que finalice el proceso de selecci\u00f3n que se encuentre en curso o como m\u00e1ximo 1 a\u00f1o despu\u00e9s de la finalizaci\u00f3n de tal proceso.<\/p>\n\n\n\n<p>Cuando ya no sea necesario para tales fines, se suprimir\u00e1n con medidas de seguridad adecuadas para garantizar la seudonimizaci\u00f3n de los datos o la destrucci\u00f3n total de los mismos.<\/p>\n\n\n\n<h2 class=\"wp-block-heading\">5. DESTINATARIOS:<\/h2>\n\n\n\n<p>Los datos no se comunicar\u00e1n a ning\u00fan tercero ajeno a <strong>Imagen<\/strong>, salvo por obligaci\u00f3n legal o que mediara autorizaci\u00f3n expresa del interesado.<\/p>\n\n\n\n<p>Como encargados de tratamiento que pueden tener acceso a los datos personales del interesado, el Responsable del Tratamiento de Datos tiene contratados los servicios de empresas, con las que adem\u00e1s tiene suscrito un contrato de encargado de tratamiento, conforme a lo establecido en la normativa aplicable en materia de protecci\u00f3n de datos.<\/p>\n\n\n\n<h2 class=\"wp-block-heading\">6. DERECHOS:<\/h2>\n\n\n\n<p>Como interesado, por habernos proporcionado tus datos personales, tienes pleno derecho a ejercitar los siguientes derechos que la normativa en materia de protecci\u00f3n de datos te reconoce, conforme a lo previsto en la misma:<\/p>\n\n\n\n<ul class=\"wp-block-list\">\n<li>Derecho a REVOCAR en cualquier momento el consentimiento que hayas prestado.<\/li>\n\n\n\n<li>Derecho de ACCESO a tus datos personales.<\/li>\n\n\n\n<li>Derechos de solicitar la RECTIFICACI\u00d3N de aquellos datos inexactos.&nbsp;<\/li>\n\n\n\n<li>Derecho de solicitar su SUPRESI\u00d3N cuando, entre otros motivos, los datos ya no sean necesarios para los fines que fueron recogidos.<\/li>\n\n\n\n<li>En determinadas circunstancias, podr\u00e1s solicitar la LIMITACI\u00d3N DEL TRATAMIENTO de tus datos, en cuyo caso \u00fanicamente los conservaremos para el ejercicio o la defensa de reclamaciones.<\/li>\n\n\n\n<li>En determinadas circunstancias y por motivos relacionados con tu situaci\u00f3n particular, podr\u00e1s ejercitar tu derecho de OPOSICI\u00d3N al tratamiento de tus datos. Dejaremos de tratar los datos, salvo por motivos leg\u00edtimos imperiosos, o el ejercicio o la defensa de posibles reclamaciones.<\/li>\n\n\n\n<li>En determinadas circunstancias y por motivos relacionados con tu situaci\u00f3n particular, podr\u00e1s solicitar tu derecho a la PORTABILIDAD de los datos.<\/li>\n<\/ul>\n\n\n\n<p>Podr\u00e1s ejercer tales derechos dirigiendo una comunicaci\u00f3n a la direcci\u00f3n postal y\/o de correo electr\u00f3nico que se hace constar en el apartado \u201c1. Responsable de tratamiento de datos personales\u201d o en el caso de los derechos de acceso y rectificaci\u00f3n, tambi\u00e9n a trav\u00e9s del email <a href=\"mailto:lopd@imagenmarbella.com\">lopd@imagenmarbella.com<\/a>.<\/p>\n\n\n\n<p>Adem\u00e1s, en caso de que consideres que se ha vulnerado cualquiera de sus derechos, dispones de la facultad de presentar una reclamaci\u00f3n ante la Agencia Espa\u00f1ola de Protecci\u00f3n de Datos (AEPD), sita en C\/ Jorge Juan, 6, 28001-Madrid,&nbsp;<a href=\"https:\/\/www.agpd.es\/\">https:\/\/www.agpd.es\/<\/a>&nbsp;o a trav\u00e9s de la sede electr\u00f3nica de la AEPD:&nbsp;<a href=\"https:\/\/sedeagpd.gob.es\/sede-electronica-web\/\">https:\/\/sedeagpd.gob.es\/sede-electronica-web\/<\/a>. &nbsp;<\/p>\n\n\n\n<h2 class=\"wp-block-heading\">7. SEGURIDAD Y ACTUALIZACI\u00d3N DE LOS DATOS PERSONALES:<\/h2>\n\n\n\n<p>Con el objetivo de salvaguardar la seguridad de los datos personales del interesado, se informa que se han adoptado todas las medidas de \u00edndole t\u00e9cnica y organizativa necesarias para garantizar la seguridad de los datos personales suministrados. Todo ello para evitar su alteraci\u00f3n, p\u00e9rdida, y\/o tratamientos o accesos no autorizados, tal como exige la normativa, si bien la seguridad absoluta no existe.<\/p>\n\n\n\n<p>Es importante que, para que podamos mantener los datos personales actualizados, el interesado informe a <strong>Imagen<\/strong> de cualquier modificaci\u00f3n de estos.<\/p>\n\n\n\n<h2 class=\"wp-block-heading\">8. CONFIDENCIALIDAD:<\/h2>\n\n\n\n<p>Los datos ser\u00e1n tratados con el m\u00e1ximo celo y confidencialidad por <strong>Imagen<\/strong> y por todo el personal que intervenga en cualquiera de las fases del tratamiento.<\/p>\n<\/div><\/div>\n","protected":false},"excerpt":{"rendered":"<p>1.&nbsp;RESPONSABLE DEL TRATAMIENTO DE LOS DATOS PERSONALES: La empresa responsable del tratamiento de los datos recabados a trav\u00e9s del Sitio Web&nbsp;https:\/\/www.agenciamarbella.com\/&nbsp;as\u00ed como de todos los subdominios y directorios incluidos en la misma (en adelante conjuntamente&#8230;<\/p>\n","protected":false},"author":1,"featured_media":0,"parent":0,"menu_order":0,"comment_status":"closed","ping_status":"open","template":"","meta":{"_acf_changed":false,"inline_featured_image":false,"_monsterinsights_skip_tracking":false,"_monsterinsights_sitenote_active":false,"_monsterinsights_sitenote_note":"","_monsterinsights_sitenote_category":0,"footnotes":""},"class_list":["post-3202","page","type-page","status-publish","hentry"],"acf":[],"aioseo_notices":[],"_links":{"self":[{"href":"https:\/\/imagenmarbella.com\/en\/wp-json\/wp\/v2\/pages\/3202","targetHints":{"allow":["GET"]}}],"collection":[{"href":"https:\/\/imagenmarbella.com\/en\/wp-json\/wp\/v2\/pages"}],"about":[{"href":"https:\/\/imagenmarbella.com\/en\/wp-json\/wp\/v2\/types\/page"}],"author":[{"embeddable":true,"href":"https:\/\/imagenmarbella.com\/en\/wp-json\/wp\/v2\/users\/1"}],"replies":[{"embeddable":true,"href":"https:\/\/imagenmarbella.com\/en\/wp-json\/wp\/v2\/comments?post=3202"}],"version-history":[{"count":4,"href":"https:\/\/imagenmarbella.com\/en\/wp-json\/wp\/v2\/pages\/3202\/revisions"}],"predecessor-version":[{"id":18779,"href":"https:\/\/imagenmarbella.com\/en\/wp-json\/wp\/v2\/pages\/3202\/revisions\/18779"}],"wp:attachment":[{"href":"https:\/\/imagenmarbella.com\/en\/wp-json\/wp\/v2\/media?parent=3202"}],"curies":[{"name":"wp","href":"https:\/\/api.w.org\/{rel}","templated":true}]}}